{"id":241,"date":"2024-10-23T18:02:40","date_gmt":"2024-10-23T18:02:40","guid":{"rendered":"https:\/\/serafinaforever.com\/?page_id=241"},"modified":"2024-12-20T11:16:26","modified_gmt":"2024-12-20T11:16:26","slug":"chi-sono","status":"publish","type":"page","link":"https:\/\/serafinaforever.com\/de\/chi-sono\/","title":{"rendered":"wer ich bin"},"content":{"rendered":"<div data-elementor-type=\"wp-page\" data-elementor-id=\"241\" class=\"elementor elementor-241\">\n\t\t\t\t<div class=\"elementor-element elementor-element-1612b38 e-con-full e-flex e-con e-parent\" data-id=\"1612b38\" data-element_type=\"container\">\n\t\t\t\t<div class=\"elementor-element elementor-element-f6e3357 elementor-widget elementor-widget-spacer\" data-id=\"f6e3357\" data-element_type=\"widget\" data-widget_type=\"spacer.default\">\n\t\t\t\t<div class=\"elementor-widget-container\">\n\t\t\t\t\t\t\t<div class=\"elementor-spacer\">\n\t\t\t<div class=\"elementor-spacer-inner\"><\/div>\n\t\t<\/div>\n\t\t\t\t\t\t<\/div>\n\t\t\t\t<\/div>\n\t\t\t\t<\/div>\n\t\t<div class=\"elementor-element elementor-element-9d2ec23 e-con-full e-flex e-con e-parent\" data-id=\"9d2ec23\" data-element_type=\"container\" data-settings=\"{&quot;background_background&quot;:&quot;classic&quot;}\">\n\t\t\t\t<div class=\"elementor-element elementor-element-58a90b9 elementor-invisible elementor-widget elementor-widget-image\" data-id=\"58a90b9\" data-element_type=\"widget\" data-settings=\"{&quot;_animation&quot;:&quot;fadeInUp&quot;}\" data-widget_type=\"image.default\">\n\t\t\t\t<div class=\"elementor-widget-container\">\n\t\t\t\t\t\t\t\t\t\t\t\t\t\t\t<img fetchpriority=\"high\" decoding=\"async\" width=\"465\" height=\"132\" src=\"https:\/\/serafinaforever.com\/wp-content\/uploads\/2024\/10\/occhi_blu_crop.jpg\" class=\"attachment-full size-full wp-image-87\" alt=\"\" \/>\t\t\t\t\t\t\t\t\t\t\t\t\t\t\t<\/div>\n\t\t\t\t<\/div>\n\t\t\t\t<\/div>\n\t\t<div class=\"elementor-element elementor-element-5432015 e-flex e-con-boxed e-con e-parent\" data-id=\"5432015\" data-element_type=\"container\" data-settings=\"{&quot;background_background&quot;:&quot;classic&quot;}\">\n\t\t\t\t\t<div class=\"e-con-inner\">\n\t\t\t\t<div class=\"elementor-element elementor-element-e9df8ca elementor-widget elementor-widget-text-editor\" data-id=\"e9df8ca\" data-element_type=\"widget\" data-widget_type=\"text-editor.default\">\n\t\t\t\t<div class=\"elementor-widget-container\">\n\t\t\t\t\t\t\t\t\t<h2>\u00a0<\/h2><h2><span style=\"color: #000000;\">Wer ich bin<\/span><\/h2><p>\u00a0<\/p><p>Ich bin das, was einst mir geschenkt wurde.<\/p><p>\u00a0<\/p><p>Winziges Teilchen\n\nder kosmischen Tanz,<\/p><p>in der Zeit, die uns geh\u00f6rt.<\/p><p>\u00a0<\/p><p>Und ich ern\u00e4hre mich<\/p><p>von fl\u00fcchtlingen Gedanken,<\/p><p>Bildern, gef\u00f6rmt in einem Repertoire,<\/p><p>verw\u00fcrzelt in Ged\u00e4chtnis,<\/p><p>gerichtet auf unbekannte Weiten.<\/p><p>\u00a0<\/p><p>Hier bin ich.<\/p><p>\u00a0<\/p><p>Geschleudert in die Realit\u00e4t, die wir betreten,<\/p><p>geschmiedet durch Priviliegien und Hindernissen,<\/p><p>mit derm W\u00fcnsch, ohne Ziel zu fliegen.<\/p><p>\u00a0<\/p><p>Dort bin ich, und wo auch immer.<\/p><p>\u00a0<\/p><p>Auf einem Pfad, der uns verbindet,<\/p><p>durch Furchen, Wolken und Wellen,<\/p><p>getragen von dem mir vertrauten Imagin\u00e4r.<\/p><p>\u00a0<\/p><p>Ich bin.<\/p><p>\u00a0<\/p><p>Ein Netz von Wahrnemungen.<\/p><p>Und neu finde ich mich, leichf\u00fc\u00dfig, die Ufer ber\u00fchrend,<\/p><p>w\u00e4hrend das Meer erklingt<\/p><p>und tr\u00e4ge seinen R\u00fcckzug verk\u00fcndet.<\/p><p>\u00a0<\/p><p>Ich bin das, was einst mir geschenkt wurde.<\/p><p>\u00a0<\/p><p>Ein Akt von Liebe und Leben.<\/p><p>\u00a0<\/p><p>\u00a0<\/p>\t\t\t\t\t\t\t\t<\/div>\n\t\t\t\t<\/div>\n\t\t\t\t\t<\/div>\n\t\t\t\t<\/div>\n\t\t\t\t<\/div>","protected":false},"excerpt":{"rendered":"<p>\u00a0 Chi sono \u00a0 Sono ci\u00f2 che mi fu donato. \u00a0 Particella infinitesima della danza cosmica, nel tempo che ci [&hellip;]<\/p>","protected":false},"author":1,"featured_media":0,"parent":0,"menu_order":0,"comment_status":"closed","ping_status":"closed","template":"","meta":{"site-sidebar-layout":"no-sidebar","site-content-layout":"","ast-site-content-layout":"full-width-container","site-content-style":"default","site-sidebar-style":"default","ast-global-header-display":"","ast-banner-title-visibility":"","ast-main-header-display":"","ast-hfb-above-header-display":"","ast-hfb-below-header-display":"","ast-hfb-mobile-header-display":"","site-post-title":"disabled","ast-breadcrumbs-content":"","ast-featured-img":"disabled","footer-sml-layout":"","theme-transparent-header-meta":"","adv-header-id-meta":"","stick-header-meta":"","header-above-stick-meta":"","header-main-stick-meta":"","header-below-stick-meta":"","astra-migrate-meta-layouts":"default","ast-page-background-enabled":"default","ast-page-background-meta":{"desktop":{"background-color":"var(--ast-global-color-4)","background-image":"","background-repeat":"repeat","background-position":"center center","background-size":"auto","background-attachment":"scroll","background-type":"","background-media":"","overlay-type":"","overlay-color":"","overlay-opacity":"","overlay-gradient":""},"tablet":{"background-color":"","background-image":"","background-repeat":"repeat","background-position":"center center","background-size":"auto","background-attachment":"scroll","background-type":"","background-media":"","overlay-type":"","overlay-color":"","overlay-opacity":"","overlay-gradient":""},"mobile":{"background-color":"","background-image":"","background-repeat":"repeat","background-position":"center center","background-size":"auto","background-attachment":"scroll","background-type":"","background-media":"","overlay-type":"","overlay-color":"","overlay-opacity":"","overlay-gradient":""}},"ast-content-background-meta":{"desktop":{"background-color":"var(--ast-global-color-5)","background-image":"","background-repeat":"repeat","background-position":"center center","background-size":"auto","background-attachment":"scroll","background-type":"","background-media":"","overlay-type":"","overlay-color":"","overlay-opacity":"","overlay-gradient":""},"tablet":{"background-color":"var(--ast-global-color-5)","background-image":"","background-repeat":"repeat","background-position":"center center","background-size":"auto","background-attachment":"scroll","background-type":"","background-media":"","overlay-type":"","overlay-color":"","overlay-opacity":"","overlay-gradient":""},"mobile":{"background-color":"var(--ast-global-color-5)","background-image":"","background-repeat":"repeat","background-position":"center center","background-size":"auto","background-attachment":"scroll","background-type":"","background-media":"","overlay-type":"","overlay-color":"","overlay-opacity":"","overlay-gradient":""}},"footnotes":""},"class_list":["post-241","page","type-page","status-publish","hentry"],"aioseo_notices":[],"jetpack_sharing_enabled":true,"rttpg_featured_image_url":null,"rttpg_author":{"display_name":"Chiara","author_link":"https:\/\/serafinaforever.com\/de\/author\/admin\/"},"rttpg_comment":0,"rttpg_category":null,"rttpg_excerpt":"\u00a0 Chi sono \u00a0 Sono ci\u00f2 che mi fu donato. \u00a0 Particella infinitesima della danza cosmica, nel tempo che ci [&hellip;]","_links":{"self":[{"href":"https:\/\/serafinaforever.com\/de\/wp-json\/wp\/v2\/pages\/241","targetHints":{"allow":["GET"]}}],"collection":[{"href":"https:\/\/serafinaforever.com\/de\/wp-json\/wp\/v2\/pages"}],"about":[{"href":"https:\/\/serafinaforever.com\/de\/wp-json\/wp\/v2\/types\/page"}],"author":[{"embeddable":true,"href":"https:\/\/serafinaforever.com\/de\/wp-json\/wp\/v2\/users\/1"}],"replies":[{"embeddable":true,"href":"https:\/\/serafinaforever.com\/de\/wp-json\/wp\/v2\/comments?post=241"}],"version-history":[{"count":144,"href":"https:\/\/serafinaforever.com\/de\/wp-json\/wp\/v2\/pages\/241\/revisions"}],"predecessor-version":[{"id":773,"href":"https:\/\/serafinaforever.com\/de\/wp-json\/wp\/v2\/pages\/241\/revisions\/773"}],"wp:attachment":[{"href":"https:\/\/serafinaforever.com\/de\/wp-json\/wp\/v2\/media?parent=241"}],"curies":[{"name":"wp","href":"https:\/\/api.w.org\/{rel}","templated":true}]}}