{"id":51,"date":"2024-10-03T15:35:03","date_gmt":"2024-10-03T15:35:03","guid":{"rendered":"https:\/\/serafinaforever.com\/?page_id=51"},"modified":"2024-12-20T11:17:44","modified_gmt":"2024-12-20T11:17:44","slug":"pensieri-incompiuti-ed-emozioni","status":"publish","type":"page","link":"https:\/\/serafinaforever.com\/de\/pensieri-incompiuti-ed-emozioni\/","title":{"rendered":"unvollendete Gedanken und Emotionen"},"content":{"rendered":"<div data-elementor-type=\"wp-page\" data-elementor-id=\"51\" class=\"elementor elementor-51\">\n\t\t\t\t<div class=\"elementor-element elementor-element-f6d4de8 e-con-full e-flex e-con e-parent\" data-id=\"f6d4de8\" data-element_type=\"container\" data-settings=\"{&quot;background_background&quot;:&quot;classic&quot;}\">\n\t\t\t\t<div class=\"elementor-element elementor-element-e66115d elementor-widget elementor-widget-spacer\" data-id=\"e66115d\" data-element_type=\"widget\" data-widget_type=\"spacer.default\">\n\t\t\t\t<div class=\"elementor-widget-container\">\n\t\t\t\t\t\t\t<div class=\"elementor-spacer\">\n\t\t\t<div class=\"elementor-spacer-inner\"><\/div>\n\t\t<\/div>\n\t\t\t\t\t\t<\/div>\n\t\t\t\t<\/div>\n\t\t\t\t<div class=\"elementor-element elementor-element-4845912 elementor-widget elementor-widget-heading\" data-id=\"4845912\" data-element_type=\"widget\" data-widget_type=\"heading.default\">\n\t\t\t\t<div class=\"elementor-widget-container\">\n\t\t\t\t\t<h2 class=\"elementor-heading-title elementor-size-default\">unvollendete Gedanken und Emotionen<\/h2>\t\t\t\t<\/div>\n\t\t\t\t<\/div>\n\t\t\t\t<div class=\"elementor-element elementor-element-76ad0e3 elementor-widget elementor-widget-spacer\" data-id=\"76ad0e3\" data-element_type=\"widget\" data-widget_type=\"spacer.default\">\n\t\t\t\t<div class=\"elementor-widget-container\">\n\t\t\t\t\t\t\t<div class=\"elementor-spacer\">\n\t\t\t<div class=\"elementor-spacer-inner\"><\/div>\n\t\t<\/div>\n\t\t\t\t\t\t<\/div>\n\t\t\t\t<\/div>\n\t\t\t\t<\/div>\n\t\t<div class=\"elementor-element elementor-element-8ca9a59 e-con-full e-flex e-con e-parent\" data-id=\"8ca9a59\" data-element_type=\"container\" data-settings=\"{&quot;background_background&quot;:&quot;classic&quot;}\">\n\t\t\t\t<div class=\"elementor-element elementor-element-c756945 elementor-widget elementor-widget-spacer\" data-id=\"c756945\" data-element_type=\"widget\" data-widget_type=\"spacer.default\">\n\t\t\t\t<div class=\"elementor-widget-container\">\n\t\t\t\t\t\t\t<div class=\"elementor-spacer\">\n\t\t\t<div class=\"elementor-spacer-inner\"><\/div>\n\t\t<\/div>\n\t\t\t\t\t\t<\/div>\n\t\t\t\t<\/div>\n\t\t\t\t<div class=\"elementor-element elementor-element-4284e45 elementor-widget-mobile__width-initial elementor-widget elementor-widget-heading\" data-id=\"4284e45\" data-element_type=\"widget\" data-widget_type=\"heading.default\">\n\t\t\t\t<div class=\"elementor-widget-container\">\n\t\t\t\t\t<h2 class=\"elementor-heading-title elementor-size-default\">Im Flug<\/h2>\t\t\t\t<\/div>\n\t\t\t\t<\/div>\n\t\t\t\t<div class=\"elementor-element elementor-element-805e8f1 elementor-widget-mobile__width-initial elementor-widget elementor-widget-text-editor\" data-id=\"805e8f1\" data-element_type=\"widget\" data-widget_type=\"text-editor.default\">\n\t\t\t\t<div class=\"elementor-widget-container\">\n\t\t\t\t\t\t\t\t\t<p>Ich werde abheben,<\/p><p>\u00fcberfliegen Vergangenheit und Gegenwart,<\/p><p>und mit den Fl\u00fcgeln der Fantasie<\/p><p>werde ich einen neuen Raum betreten.<\/p><p>\u00a0<\/p><p>Geleitet von Emotionen.<\/p><p>\u00a0<\/p><p>Frei wie sie.<\/p>\t\t\t\t\t\t\t\t<\/div>\n\t\t\t\t<\/div>\n\t\t\t\t<\/div>\n\t\t<div class=\"elementor-element elementor-element-89becf4 e-flex e-con-boxed e-con e-parent\" data-id=\"89becf4\" data-element_type=\"container\">\n\t\t\t\t\t<div class=\"e-con-inner\">\n\t\t\t\t<div class=\"elementor-element elementor-element-be7e1ac tpg-wrapper-align-left title-alignment-left meta-visibility-show title_position_default title_hover_border_default title-default img_hover_animation_default meta_position_default tpg-is-author-icon-show author-image-visibility-icon grid-hover-overlay-type-always tpg-el-box-border-enable tpg-border-bottom-disable elementor-widget elementor-widget-tpg-list-layout\" data-id=\"be7e1ac\" data-element_type=\"widget\" data-widget_type=\"tpg-list-layout.default\">\n\t\t\t\t<div class=\"elementor-widget-container\">\n\t\t\t\t\t\n        <div class=\"rt-container-fluid rt-tpg-container tpg-el-main-wrapper list-layout1-main\"\n             data-sc-id=\"elementor\"\n             id=\"rt-tpg-container-2750804910\"\n             data-layout=\"list-layout1\"\n             data-grid-style=\"tpg-even\"\n             data-el-settings=''\n             data-el-query=''\n             data-el-path=''\n        >\n\t\t\t            <div class='tpg-header-wrapper'>\n\t\t\t\t            <\/div>\n\n            <div data-title=\"Loading ...\" class=\"rt-row rt-content-loader list-layout1 tpg-even list-behaviour list-layout-wrapper\">\n\t\t\t\t\n<div class=\"rt-col-md-12 rt-col-sm-12 rt-col-xs-12 default rt-list-item rt-grid-item\" data-id=\"1028\">\n\t<div class=\"rt-holder tpg-post-holder\">\n\t\t<div class=\"rt-detail rt-el-content-wrapper\">\n\t\t\t\t\t\t\t<div class=\"rt-img-holder tpg-el-image-wrap has-no-thumbnail\">\n\t\t\t\t\t<a data-id=\"1028\" href=\"https:\/\/serafinaforever.com\/de\/di-piu\/\" class=\"tpg-post-link\" target=\"_self\">\t\t\n\t\t<\/a>\n\t\t        <div class=\"overlay grid-hover-content\"><\/div>\n\t\t\t\t\t\t<\/div>\n\t\t\t\n\t\t\t<div class=\"post-right-content\">\n\t\t\t\t<div class=\"entry-title-wrapper\"><h3 class=\"entry-title\"><a data-id=\"1028\" href=\"https:\/\/serafinaforever.com\/de\/di-piu\/\" class=\"tpg-post-link\" target=\"_self\">Mehr<\/a><\/h3><\/div>\n\t\t\t\t\t\t\t\t\t<div class=\"post-meta-tags rt-el-post-meta\">\n\t\t\t\t\t\t            <span class='author'>\n\n\t\t\t\t<i class='fa fa-user'><\/i><span class='author-prefix'>By<\/span><a href=\"https:\/\/serafinaforever.com\/de\/author\/admin\/\">Chiara<\/a>\t\t\t<\/span>\n\t\t\t            <span class='date'>\n\t\t\t\t<i class='far fa-calendar-alt'><\/i>\t\t\t\t                    <a href=\"https:\/\/serafinaforever.com\/de\/2025\/11\/10\/\">\n\t\t\t\t\t10 November 2025\t\t\t\t<\/a>\n\t\t\t\t\t\t\t<\/span>\n\t\t\t\t\t\t\t\t<\/div>\n\t\t\t\t\n\t\t\t\t\n\t\t\t\t\t\t\t<\/div>\n\t\t<\/div>\n\t<\/div>\n<\/div>\n\n<div class=\"rt-col-md-12 rt-col-sm-12 rt-col-xs-12 default rt-list-item rt-grid-item\" data-id=\"1019\">\n\t<div class=\"rt-holder tpg-post-holder\">\n\t\t<div class=\"rt-detail rt-el-content-wrapper\">\n\t\t\t\t\t\t\t<div class=\"rt-img-holder tpg-el-image-wrap has-no-thumbnail\">\n\t\t\t\t\t<a data-id=\"1019\" href=\"https:\/\/serafinaforever.com\/de\/eterno-e-salsedine\/\" class=\"tpg-post-link\" target=\"_self\">\t\t\n\t\t<\/a>\n\t\t        <div class=\"overlay grid-hover-content\"><\/div>\n\t\t\t\t\t\t<\/div>\n\t\t\t\n\t\t\t<div class=\"post-right-content\">\n\t\t\t\t<div class=\"entry-title-wrapper\"><h3 class=\"entry-title\"><a data-id=\"1019\" href=\"https:\/\/serafinaforever.com\/de\/eterno-e-salsedine\/\" class=\"tpg-post-link\" target=\"_self\">Ewigkeit und Salzluft<\/a><\/h3><\/div>\n\t\t\t\t\t\t\t\t\t<div class=\"post-meta-tags rt-el-post-meta\">\n\t\t\t\t\t\t            <span class='author'>\n\n\t\t\t\t<i class='fa fa-user'><\/i><span class='author-prefix'>By<\/span><a href=\"https:\/\/serafinaforever.com\/de\/author\/admin\/\">Chiara<\/a>\t\t\t<\/span>\n\t\t\t            <span class='date'>\n\t\t\t\t<i class='far fa-calendar-alt'><\/i>\t\t\t\t                    <a href=\"https:\/\/serafinaforever.com\/de\/2025\/10\/27\/\">\n\t\t\t\t\t27 Oktober 2025\t\t\t\t<\/a>\n\t\t\t\t\t\t\t<\/span>\n\t\t\t\t\t\t\t\t<\/div>\n\t\t\t\t\n\t\t\t\t\n\t\t\t\t\t\t\t<\/div>\n\t\t<\/div>\n\t<\/div>\n<\/div>\n\n<div class=\"rt-col-md-12 rt-col-sm-12 rt-col-xs-12 default rt-list-item rt-grid-item\" data-id=\"1010\">\n\t<div class=\"rt-holder tpg-post-holder\">\n\t\t<div class=\"rt-detail rt-el-content-wrapper\">\n\t\t\t\t\t\t\t<div class=\"rt-img-holder tpg-el-image-wrap has-no-thumbnail\">\n\t\t\t\t\t<a data-id=\"1010\" href=\"https:\/\/serafinaforever.com\/de\/arroganze-celate\/\" class=\"tpg-post-link\" target=\"_self\">\t\t\n\t\t<\/a>\n\t\t        <div class=\"overlay grid-hover-content\"><\/div>\n\t\t\t\t\t\t<\/div>\n\t\t\t\n\t\t\t<div class=\"post-right-content\">\n\t\t\t\t<div class=\"entry-title-wrapper\"><h3 class=\"entry-title\"><a data-id=\"1010\" href=\"https:\/\/serafinaforever.com\/de\/arroganze-celate\/\" class=\"tpg-post-link\" target=\"_self\">Verh\u00fcllte Arroganz<\/a><\/h3><\/div>\n\t\t\t\t\t\t\t\t\t<div class=\"post-meta-tags rt-el-post-meta\">\n\t\t\t\t\t\t            <span class='author'>\n\n\t\t\t\t<i class='fa fa-user'><\/i><span class='author-prefix'>By<\/span><a href=\"https:\/\/serafinaforever.com\/de\/author\/admin\/\">Chiara<\/a>\t\t\t<\/span>\n\t\t\t            <span class='date'>\n\t\t\t\t<i class='far fa-calendar-alt'><\/i>\t\t\t\t                    <a href=\"https:\/\/serafinaforever.com\/de\/2025\/09\/07\/\">\n\t\t\t\t\t7 September 2025\t\t\t\t<\/a>\n\t\t\t\t\t\t\t<\/span>\n\t\t\t\t\t\t\t\t<\/div>\n\t\t\t\t\n\t\t\t\t\n\t\t\t\t\t\t\t<\/div>\n\t\t<\/div>\n\t<\/div>\n<\/div>\n\n<div class=\"rt-col-md-12 rt-col-sm-12 rt-col-xs-12 default rt-list-item rt-grid-item\" data-id=\"1003\">\n\t<div class=\"rt-holder tpg-post-holder\">\n\t\t<div class=\"rt-detail rt-el-content-wrapper\">\n\t\t\t\t\t\t\t<div class=\"rt-img-holder tpg-el-image-wrap has-no-thumbnail\">\n\t\t\t\t\t<a data-id=\"1003\" href=\"https:\/\/serafinaforever.com\/de\/a-pois\/\" class=\"tpg-post-link\" target=\"_self\">\t\t\n\t\t<\/a>\n\t\t        <div class=\"overlay grid-hover-content\"><\/div>\n\t\t\t\t\t\t<\/div>\n\t\t\t\n\t\t\t<div class=\"post-right-content\">\n\t\t\t\t<div class=\"entry-title-wrapper\"><h3 class=\"entry-title\"><a data-id=\"1003\" href=\"https:\/\/serafinaforever.com\/de\/a-pois\/\" class=\"tpg-post-link\" target=\"_self\">A pois<\/a><\/h3><\/div>\n\t\t\t\t\t\t\t\t\t<div class=\"post-meta-tags rt-el-post-meta\">\n\t\t\t\t\t\t            <span class='author'>\n\n\t\t\t\t<i class='fa fa-user'><\/i><span class='author-prefix'>By<\/span><a href=\"https:\/\/serafinaforever.com\/de\/author\/admin\/\">Chiara<\/a>\t\t\t<\/span>\n\t\t\t            <span class='date'>\n\t\t\t\t<i class='far fa-calendar-alt'><\/i>\t\t\t\t                    <a href=\"https:\/\/serafinaforever.com\/de\/2025\/08\/18\/\">\n\t\t\t\t\t18 August 2025\t\t\t\t<\/a>\n\t\t\t\t\t\t\t<\/span>\n\t\t\t\t\t\t\t\t<\/div>\n\t\t\t\t\n\t\t\t\t\n\t\t\t\t\t\t\t<\/div>\n\t\t<\/div>\n\t<\/div>\n<\/div>\n\n<div class=\"rt-col-md-12 rt-col-sm-12 rt-col-xs-12 default rt-list-item rt-grid-item\" data-id=\"994\">\n\t<div class=\"rt-holder tpg-post-holder\">\n\t\t<div class=\"rt-detail rt-el-content-wrapper\">\n\t\t\t\t\t\t\t<div class=\"rt-img-holder tpg-el-image-wrap has-no-thumbnail\">\n\t\t\t\t\t<a data-id=\"994\" href=\"https:\/\/serafinaforever.com\/de\/fingo-per-te\/\" class=\"tpg-post-link\" target=\"_self\">\t\t\n\t\t<\/a>\n\t\t        <div class=\"overlay grid-hover-content\"><\/div>\n\t\t\t\t\t\t<\/div>\n\t\t\t\n\t\t\t<div class=\"post-right-content\">\n\t\t\t\t<div class=\"entry-title-wrapper\"><h3 class=\"entry-title\"><a data-id=\"994\" href=\"https:\/\/serafinaforever.com\/de\/fingo-per-te\/\" class=\"tpg-post-link\" target=\"_self\">Ich spiele f\u00fcr dich<\/a><\/h3><\/div>\n\t\t\t\t\t\t\t\t\t<div class=\"post-meta-tags rt-el-post-meta\">\n\t\t\t\t\t\t            <span class='author'>\n\n\t\t\t\t<i class='fa fa-user'><\/i><span class='author-prefix'>By<\/span><a href=\"https:\/\/serafinaforever.com\/de\/author\/admin\/\">Chiara<\/a>\t\t\t<\/span>\n\t\t\t            <span class='date'>\n\t\t\t\t<i class='far fa-calendar-alt'><\/i>\t\t\t\t                    <a href=\"https:\/\/serafinaforever.com\/de\/2025\/07\/27\/\">\n\t\t\t\t\t27 Juli 2025\t\t\t\t<\/a>\n\t\t\t\t\t\t\t<\/span>\n\t\t\t\t\t\t\t\t<\/div>\n\t\t\t\t\n\t\t\t\t\n\t\t\t\t\t\t\t<\/div>\n\t\t<\/div>\n\t<\/div>\n<\/div>\n\n<div class=\"rt-col-md-12 rt-col-sm-12 rt-col-xs-12 default rt-list-item rt-grid-item\" data-id=\"985\">\n\t<div class=\"rt-holder tpg-post-holder\">\n\t\t<div class=\"rt-detail rt-el-content-wrapper\">\n\t\t\t\t\t\t\t<div class=\"rt-img-holder tpg-el-image-wrap has-no-thumbnail\">\n\t\t\t\t\t<a data-id=\"985\" href=\"https:\/\/serafinaforever.com\/de\/chiaroscuro\/\" class=\"tpg-post-link\" target=\"_self\">\t\t\n\t\t<\/a>\n\t\t        <div class=\"overlay grid-hover-content\"><\/div>\n\t\t\t\t\t\t<\/div>\n\t\t\t\n\t\t\t<div class=\"post-right-content\">\n\t\t\t\t<div class=\"entry-title-wrapper\"><h3 class=\"entry-title\"><a data-id=\"985\" href=\"https:\/\/serafinaforever.com\/de\/chiaroscuro\/\" class=\"tpg-post-link\" target=\"_self\">Chiaroscuro<\/a><\/h3><\/div>\n\t\t\t\t\t\t\t\t\t<div class=\"post-meta-tags rt-el-post-meta\">\n\t\t\t\t\t\t            <span class='author'>\n\n\t\t\t\t<i class='fa fa-user'><\/i><span class='author-prefix'>By<\/span><a href=\"https:\/\/serafinaforever.com\/de\/author\/admin\/\">Chiara<\/a>\t\t\t<\/span>\n\t\t\t            <span class='date'>\n\t\t\t\t<i class='far fa-calendar-alt'><\/i>\t\t\t\t                    <a href=\"https:\/\/serafinaforever.com\/de\/2025\/07\/07\/\">\n\t\t\t\t\t7 Juli 2025\t\t\t\t<\/a>\n\t\t\t\t\t\t\t<\/span>\n\t\t\t\t\t\t\t\t<\/div>\n\t\t\t\t\n\t\t\t\t\n\t\t\t\t\t\t\t<\/div>\n\t\t<\/div>\n\t<\/div>\n<\/div>\n\n<div class=\"rt-col-md-12 rt-col-sm-12 rt-col-xs-12 default rt-list-item rt-grid-item\" data-id=\"973\">\n\t<div class=\"rt-holder tpg-post-holder\">\n\t\t<div class=\"rt-detail rt-el-content-wrapper\">\n\t\t\t\t\t\t\t<div class=\"rt-img-holder tpg-el-image-wrap has-no-thumbnail\">\n\t\t\t\t\t<a data-id=\"973\" href=\"https:\/\/serafinaforever.com\/de\/nel-silenzio-di-traiettorie-invisibili\/\" class=\"tpg-post-link\" target=\"_self\">\t\t\n\t\t<\/a>\n\t\t        <div class=\"overlay grid-hover-content\"><\/div>\n\t\t\t\t\t\t<\/div>\n\t\t\t\n\t\t\t<div class=\"post-right-content\">\n\t\t\t\t<div class=\"entry-title-wrapper\"><h3 class=\"entry-title\"><a data-id=\"973\" href=\"https:\/\/serafinaforever.com\/de\/nel-silenzio-di-traiettorie-invisibili\/\" class=\"tpg-post-link\" target=\"_self\">Im Schweigen unsichtbarer Bahnen<\/a><\/h3><\/div>\n\t\t\t\t\t\t\t\t\t<div class=\"post-meta-tags rt-el-post-meta\">\n\t\t\t\t\t\t            <span class='author'>\n\n\t\t\t\t<i class='fa fa-user'><\/i><span class='author-prefix'>By<\/span><a href=\"https:\/\/serafinaforever.com\/de\/author\/admin\/\">Chiara<\/a>\t\t\t<\/span>\n\t\t\t            <span class='date'>\n\t\t\t\t<i class='far fa-calendar-alt'><\/i>\t\t\t\t                    <a href=\"https:\/\/serafinaforever.com\/de\/2025\/06\/28\/\">\n\t\t\t\t\t28 Juni 2025\t\t\t\t<\/a>\n\t\t\t\t\t\t\t<\/span>\n\t\t\t\t\t\t\t\t<\/div>\n\t\t\t\t\n\t\t\t\t\n\t\t\t\t\t\t\t<\/div>\n\t\t<\/div>\n\t<\/div>\n<\/div>\n\n<div class=\"rt-col-md-12 rt-col-sm-12 rt-col-xs-12 default rt-list-item rt-grid-item\" data-id=\"967\">\n\t<div class=\"rt-holder tpg-post-holder\">\n\t\t<div class=\"rt-detail rt-el-content-wrapper\">\n\t\t\t\t\t\t\t<div class=\"rt-img-holder tpg-el-image-wrap has-no-thumbnail\">\n\t\t\t\t\t<a data-id=\"967\" href=\"https:\/\/serafinaforever.com\/de\/la-mia-insonnia\/\" class=\"tpg-post-link\" target=\"_self\">\t\t\n\t\t<\/a>\n\t\t        <div class=\"overlay grid-hover-content\"><\/div>\n\t\t\t\t\t\t<\/div>\n\t\t\t\n\t\t\t<div class=\"post-right-content\">\n\t\t\t\t<div class=\"entry-title-wrapper\"><h3 class=\"entry-title\"><a data-id=\"967\" href=\"https:\/\/serafinaforever.com\/de\/la-mia-insonnia\/\" class=\"tpg-post-link\" target=\"_self\">Meine Schlaflosigkeit<\/a><\/h3><\/div>\n\t\t\t\t\t\t\t\t\t<div class=\"post-meta-tags rt-el-post-meta\">\n\t\t\t\t\t\t            <span class='author'>\n\n\t\t\t\t<i class='fa fa-user'><\/i><span class='author-prefix'>By<\/span><a href=\"https:\/\/serafinaforever.com\/de\/author\/admin\/\">Chiara<\/a>\t\t\t<\/span>\n\t\t\t            <span class='date'>\n\t\t\t\t<i class='far fa-calendar-alt'><\/i>\t\t\t\t                    <a href=\"https:\/\/serafinaforever.com\/de\/2025\/06\/11\/\">\n\t\t\t\t\t11 Juni 2025\t\t\t\t<\/a>\n\t\t\t\t\t\t\t<\/span>\n\t\t\t\t\t\t\t\t<\/div>\n\t\t\t\t\n\t\t\t\t\n\t\t\t\t\t\t\t<\/div>\n\t\t<\/div>\n\t<\/div>\n<\/div>\n\n<div class=\"rt-col-md-12 rt-col-sm-12 rt-col-xs-12 default rt-list-item rt-grid-item\" data-id=\"961\">\n\t<div class=\"rt-holder tpg-post-holder\">\n\t\t<div class=\"rt-detail rt-el-content-wrapper\">\n\t\t\t\t\t\t\t<div class=\"rt-img-holder tpg-el-image-wrap has-no-thumbnail\">\n\t\t\t\t\t<a data-id=\"961\" href=\"https:\/\/serafinaforever.com\/de\/il-treno-della-vita\/\" class=\"tpg-post-link\" target=\"_self\">\t\t\n\t\t<\/a>\n\t\t        <div class=\"overlay grid-hover-content\"><\/div>\n\t\t\t\t\t\t<\/div>\n\t\t\t\n\t\t\t<div class=\"post-right-content\">\n\t\t\t\t<div class=\"entry-title-wrapper\"><h3 class=\"entry-title\"><a data-id=\"961\" href=\"https:\/\/serafinaforever.com\/de\/il-treno-della-vita\/\" class=\"tpg-post-link\" target=\"_self\">Der Zug des Lebens<\/a><\/h3><\/div>\n\t\t\t\t\t\t\t\t\t<div class=\"post-meta-tags rt-el-post-meta\">\n\t\t\t\t\t\t            <span class='author'>\n\n\t\t\t\t<i class='fa fa-user'><\/i><span class='author-prefix'>By<\/span><a href=\"https:\/\/serafinaforever.com\/de\/author\/admin\/\">Chiara<\/a>\t\t\t<\/span>\n\t\t\t            <span class='date'>\n\t\t\t\t<i class='far fa-calendar-alt'><\/i>\t\t\t\t                    <a href=\"https:\/\/serafinaforever.com\/de\/2025\/05\/18\/\">\n\t\t\t\t\t18 Mai 2025\t\t\t\t<\/a>\n\t\t\t\t\t\t\t<\/span>\n\t\t\t\t\t\t\t\t<\/div>\n\t\t\t\t\n\t\t\t\t\n\t\t\t\t\t\t\t<\/div>\n\t\t<\/div>\n\t<\/div>\n<\/div>\n            <\/div>\n\n\t\t\t\n        <\/div>\n\t\t\t\t\t\t<\/div>\n\t\t\t\t<\/div>\n\t\t\t\t\t<\/div>\n\t\t\t\t<\/div>\n\t\t\t\t<\/div>","protected":false},"excerpt":{"rendered":"<p>pensieri incompiuti ed emozioni In volo Spiccher\u00f2 il volo, sorvoler\u00f3 passato e presente. e con le ali dell&#8217;immaginazione mi addentrer\u00f3 [&hellip;]<\/p>","protected":false},"author":1,"featured_media":0,"parent":0,"menu_order":0,"comment_status":"closed","ping_status":"closed","template":"","meta":{"site-sidebar-layout":"no-sidebar","site-content-layout":"","ast-site-content-layout":"full-width-container","site-content-style":"default","site-sidebar-style":"default","ast-global-header-display":"","ast-banner-title-visibility":"","ast-main-header-display":"","ast-hfb-above-header-display":"","ast-hfb-below-header-display":"","ast-hfb-mobile-header-display":"","site-post-title":"disabled","ast-breadcrumbs-content":"","ast-featured-img":"disabled","footer-sml-layout":"","theme-transparent-header-meta":"","adv-header-id-meta":"","stick-header-meta":"","header-above-stick-meta":"","header-main-stick-meta":"","header-below-stick-meta":"","astra-migrate-meta-layouts":"default","ast-page-background-enabled":"default","ast-page-background-meta":{"desktop":{"background-color":"var(--ast-global-color-4)","background-image":"","background-repeat":"repeat","background-position":"center center","background-size":"auto","background-attachment":"scroll","background-type":"","background-media":"","overlay-type":"","overlay-color":"","overlay-opacity":"","overlay-gradient":""},"tablet":{"background-color":"","background-image":"","background-repeat":"repeat","background-position":"center center","background-size":"auto","background-attachment":"scroll","background-type":"","background-media":"","overlay-type":"","overlay-color":"","overlay-opacity":"","overlay-gradient":""},"mobile":{"background-color":"","background-image":"","background-repeat":"repeat","background-position":"center center","background-size":"auto","background-attachment":"scroll","background-type":"","background-media":"","overlay-type":"","overlay-color":"","overlay-opacity":"","overlay-gradient":""}},"ast-content-background-meta":{"desktop":{"background-color":"var(--ast-global-color-5)","background-image":"","background-repeat":"repeat","background-position":"center center","background-size":"auto","background-attachment":"scroll","background-type":"","background-media":"","overlay-type":"","overlay-color":"","overlay-opacity":"","overlay-gradient":""},"tablet":{"background-color":"var(--ast-global-color-5)","background-image":"","background-repeat":"repeat","background-position":"center center","background-size":"auto","background-attachment":"scroll","background-type":"","background-media":"","overlay-type":"","overlay-color":"","overlay-opacity":"","overlay-gradient":""},"mobile":{"background-color":"var(--ast-global-color-5)","background-image":"","background-repeat":"repeat","background-position":"center center","background-size":"auto","background-attachment":"scroll","background-type":"","background-media":"","overlay-type":"","overlay-color":"","overlay-opacity":"","overlay-gradient":""}},"footnotes":""},"class_list":["post-51","page","type-page","status-publish","hentry"],"aioseo_notices":[],"jetpack_sharing_enabled":true,"rttpg_featured_image_url":null,"rttpg_author":{"display_name":"Chiara","author_link":"https:\/\/serafinaforever.com\/de\/author\/admin\/"},"rttpg_comment":0,"rttpg_category":"","rttpg_excerpt":"pensieri incompiuti ed emozioni In volo Spiccher\u00f2 il volo, sorvoler\u00f3 passato e presente. e con le ali dell&#8217;immaginazione mi addentrer\u00f3 [&hellip;]","_links":{"self":[{"href":"https:\/\/serafinaforever.com\/de\/wp-json\/wp\/v2\/pages\/51","targetHints":{"allow":["GET"]}}],"collection":[{"href":"https:\/\/serafinaforever.com\/de\/wp-json\/wp\/v2\/pages"}],"about":[{"href":"https:\/\/serafinaforever.com\/de\/wp-json\/wp\/v2\/types\/page"}],"author":[{"embeddable":true,"href":"https:\/\/serafinaforever.com\/de\/wp-json\/wp\/v2\/users\/1"}],"replies":[{"embeddable":true,"href":"https:\/\/serafinaforever.com\/de\/wp-json\/wp\/v2\/comments?post=51"}],"version-history":[{"count":105,"href":"https:\/\/serafinaforever.com\/de\/wp-json\/wp\/v2\/pages\/51\/revisions"}],"predecessor-version":[{"id":767,"href":"https:\/\/serafinaforever.com\/de\/wp-json\/wp\/v2\/pages\/51\/revisions\/767"}],"wp:attachment":[{"href":"https:\/\/serafinaforever.com\/de\/wp-json\/wp\/v2\/media?parent=51"}],"curies":[{"name":"wp","href":"https:\/\/api.w.org\/{rel}","templated":true}]}}