{"id":543,"date":"2024-10-31T13:23:59","date_gmt":"2024-10-31T13:23:59","guid":{"rendered":"https:\/\/serafinaforever.com\/?page_id=543"},"modified":"2024-12-20T11:17:01","modified_gmt":"2024-12-20T11:17:01","slug":"serafina","status":"publish","type":"page","link":"https:\/\/serafinaforever.com\/de\/serafina\/","title":{"rendered":"Serafina"},"content":{"rendered":"<div data-elementor-type=\"wp-page\" data-elementor-id=\"543\" class=\"elementor elementor-543\">\n\t\t\t\t<div class=\"elementor-element elementor-element-c3c29f8 e-con-full e-flex e-con e-parent\" data-id=\"c3c29f8\" data-element_type=\"container\" data-settings=\"{&quot;background_background&quot;:&quot;classic&quot;}\">\n\t\t\t\t<div class=\"elementor-element elementor-element-384d511 elementor-widget elementor-widget-spacer\" data-id=\"384d511\" data-element_type=\"widget\" data-widget_type=\"spacer.default\">\n\t\t\t\t<div class=\"elementor-widget-container\">\n\t\t\t\t\t\t\t<div class=\"elementor-spacer\">\n\t\t\t<div class=\"elementor-spacer-inner\"><\/div>\n\t\t<\/div>\n\t\t\t\t\t\t<\/div>\n\t\t\t\t<\/div>\n\t\t\t\t<div class=\"elementor-element elementor-element-7749451 elementor-invisible elementor-widget elementor-widget-heading\" data-id=\"7749451\" data-element_type=\"widget\" data-settings=\"{&quot;_animation&quot;:&quot;fadeInDown&quot;}\" data-widget_type=\"heading.default\">\n\t\t\t\t<div class=\"elementor-widget-container\">\n\t\t\t\t\t<h1 class=\"elementor-heading-title elementor-size-default\">Ich stelle euch Serafina vor<\/h1>\t\t\t\t<\/div>\n\t\t\t\t<\/div>\n\t\t\t\t<div class=\"elementor-element elementor-element-5204031 elementor-widget elementor-widget-spacer\" data-id=\"5204031\" data-element_type=\"widget\" data-widget_type=\"spacer.default\">\n\t\t\t\t<div class=\"elementor-widget-container\">\n\t\t\t\t\t\t\t<div class=\"elementor-spacer\">\n\t\t\t<div class=\"elementor-spacer-inner\"><\/div>\n\t\t<\/div>\n\t\t\t\t\t\t<\/div>\n\t\t\t\t<\/div>\n\t\t\t\t<\/div>\n\t\t<div class=\"elementor-element elementor-element-19739be e-flex e-con-boxed e-con e-parent\" data-id=\"19739be\" data-element_type=\"container\" data-settings=\"{&quot;background_background&quot;:&quot;classic&quot;}\">\n\t\t\t\t\t<div class=\"e-con-inner\">\n\t\t\t\t<div class=\"elementor-element elementor-element-75f6268 elementor-invisible elementor-widget elementor-widget-image\" data-id=\"75f6268\" data-element_type=\"widget\" data-settings=\"{&quot;_animation&quot;:&quot;fadeIn&quot;}\" data-widget_type=\"image.default\">\n\t\t\t\t<div class=\"elementor-widget-container\">\n\t\t\t\t\t\t\t\t\t\t\t\t\t\t\t<img fetchpriority=\"high\" decoding=\"async\" width=\"1024\" height=\"719\" src=\"https:\/\/serafinaforever.com\/wp-content\/uploads\/2024\/11\/Serafina-road_crop.jpg\" class=\"attachment-large size-large wp-image-680\" alt=\"\" \/>\t\t\t\t\t\t\t\t\t\t\t\t\t\t\t<\/div>\n\t\t\t\t<\/div>\n\t\t\t\t\t<\/div>\n\t\t\t\t<\/div>\n\t\t<div class=\"elementor-element elementor-element-b0f0234 e-flex e-con-boxed e-con e-parent\" data-id=\"b0f0234\" data-element_type=\"container\">\n\t\t\t\t\t<div class=\"e-con-inner\">\n\t\t\t\t<div class=\"elementor-element elementor-element-8526d19 elementor-widget__width-initial elementor-widget elementor-widget-text-editor\" data-id=\"8526d19\" data-element_type=\"widget\" data-widget_type=\"text-editor.default\">\n\t\t\t\t<div class=\"elementor-widget-container\">\n\t\t\t\t\t\t\t\t\t<p>\u00a0<\/p><p>Serafina ist ein Traum, dem ich schon seit Jahren nachjagte. Jedes Mal, wenn ich einen alten Fiat 500 auf der Stra\u00dfe vorbeifahren sah, erf\u00fcllte sich mein Herz mit einer leisen, s\u00fc\u00dfen Freude. Ich war fasziniert von ihren eleganten Linien, der zeitlosen Sch\u00f6nheit ihrer Formen und der Funktionalit\u00e4t ihres kompakten Raumes \u2013 der gleiche Raum, der mir als Kind riesig vorkam.\u00a0<\/p><p>Aber lange Zeit blieb der Gedanke, einen klassischen Fiat 500 zu besitzen, nur ein fl\u00fcchtiger Wunsch, gebremst von Zeit und Geld.<\/p><p>Eines Tages \u00e4nderte sich jedoch alles \u2013 rein zuf\u00e4llig. W\u00e4hrend ich am Eingang einer Autowerkstatt wartete und mich mit dem Besitzer unterhielt, fuhr einer dieser 500er an uns vorbei. Wie immer folgte ich ihm mit den Augen, vielleicht etwas zu lange, denn der Werkstattbesitzer l\u00e4chelte und sagte: \u201eWenn du wirklich an das glaubst, was du f\u00fchlst, dann lass keine weitere Zeit vergehen.\u201c<\/p><p>Diese Worte waren der Beginn von allem. Von diesem Moment an begann ich, nach ihr zu suchen, und sie zu finden war schwieriger und teurer, als ich es mir je vorgestellt hatte. Doch jede Minute und jedes Opfer waren es wert. Und unerwartet brachten einige Entscheidungen auf diesem Weg Ereignisse in Gang, die f\u00fcr immer einen tiefen Eindruck in meinem Leben hinterlassen haben. Serafina wurde zum Symbol all dieser Verflechtungen, eines Schicksals, das sich durch fast unbewusste Entscheidungen offenbarte.<\/p><p class=\"translation-block\">Ich habe schon immer die Angewohnheit gehabt, mich an Dinge zu binden, die mir guttun, und diesen Dingen einen Namen zu geben, um ihre Seele zu enth\u00fcllen. Ich wei\u00df nicht genau, wie ich gerade auf den Namen <em>Serafina<\/em> gekommen bin, aber als er mir in den Sinn kam, hatte ich keinen Zweifel: Er passte perfekt zu ihrem Wesen und ihrem \u00c4u\u00dferen. Ich vertraue Serafina. Mit ihr entdecke ich neue Winkel und erfahre jedes Mal aufs Neue mit Freude, wie sie Passanten und andere Fahrer zum L\u00e4cheln bringt \u2013 selbst wenn sie bei Gr\u00fcn am liebsten noch einen Moment verweilen w\u00fcrde.<\/p><p>Dieser Raum ist eigentlich nicht allein Serafina gewidmet, sondern von ihr inspiriert. Er ist die Verwirklichung eines Traums, der Schritt f\u00fcr Schritt lebendig wurde. Und er erinnert mich jeden Tag daran, dem Ruf meines Herzens zu folgen \u2013 bevor die Zeit mir entgleitet.<\/p>\t\t\t\t\t\t\t\t<\/div>\n\t\t\t\t<\/div>\n\t\t\t\t\t<\/div>\n\t\t\t\t<\/div>\n\t\t\t\t<\/div>","protected":false},"excerpt":{"rendered":"<p>Vi presento Serafina \u00a0 Serafina \u00e8 un sogno che inseguivo da anni. Ogni volta che vedevo passare per strada una [&hellip;]<\/p>","protected":false},"author":1,"featured_media":0,"parent":0,"menu_order":0,"comment_status":"closed","ping_status":"closed","template":"","meta":{"site-sidebar-layout":"no-sidebar","site-content-layout":"","ast-site-content-layout":"full-width-container","site-content-style":"default","site-sidebar-style":"default","ast-global-header-display":"","ast-banner-title-visibility":"","ast-main-header-display":"","ast-hfb-above-header-display":"","ast-hfb-below-header-display":"","ast-hfb-mobile-header-display":"","site-post-title":"disabled","ast-breadcrumbs-content":"","ast-featured-img":"disabled","footer-sml-layout":"","theme-transparent-header-meta":"","adv-header-id-meta":"","stick-header-meta":"","header-above-stick-meta":"","header-main-stick-meta":"","header-below-stick-meta":"","astra-migrate-meta-layouts":"default","ast-page-background-enabled":"default","ast-page-background-meta":{"desktop":{"background-color":"var(--ast-global-color-4)","background-image":"","background-repeat":"repeat","background-position":"center center","background-size":"auto","background-attachment":"scroll","background-type":"","background-media":"","overlay-type":"","overlay-color":"","overlay-opacity":"","overlay-gradient":""},"tablet":{"background-color":"","background-image":"","background-repeat":"repeat","background-position":"center center","background-size":"auto","background-attachment":"scroll","background-type":"","background-media":"","overlay-type":"","overlay-color":"","overlay-opacity":"","overlay-gradient":""},"mobile":{"background-color":"","background-image":"","background-repeat":"repeat","background-position":"center center","background-size":"auto","background-attachment":"scroll","background-type":"","background-media":"","overlay-type":"","overlay-color":"","overlay-opacity":"","overlay-gradient":""}},"ast-content-background-meta":{"desktop":{"background-color":"var(--ast-global-color-5)","background-image":"","background-repeat":"repeat","background-position":"center center","background-size":"auto","background-attachment":"scroll","background-type":"","background-media":"","overlay-type":"","overlay-color":"","overlay-opacity":"","overlay-gradient":""},"tablet":{"background-color":"var(--ast-global-color-5)","background-image":"","background-repeat":"repeat","background-position":"center center","background-size":"auto","background-attachment":"scroll","background-type":"","background-media":"","overlay-type":"","overlay-color":"","overlay-opacity":"","overlay-gradient":""},"mobile":{"background-color":"var(--ast-global-color-5)","background-image":"","background-repeat":"repeat","background-position":"center center","background-size":"auto","background-attachment":"scroll","background-type":"","background-media":"","overlay-type":"","overlay-color":"","overlay-opacity":"","overlay-gradient":""}},"footnotes":""},"class_list":["post-543","page","type-page","status-publish","hentry"],"aioseo_notices":[],"jetpack_sharing_enabled":true,"rttpg_featured_image_url":null,"rttpg_author":{"display_name":"Chiara","author_link":"https:\/\/serafinaforever.com\/de\/author\/admin\/"},"rttpg_comment":0,"rttpg_category":null,"rttpg_excerpt":"Vi presento Serafina \u00a0 Serafina \u00e8 un sogno che inseguivo da anni. Ogni volta che vedevo passare per strada una [&hellip;]","_links":{"self":[{"href":"https:\/\/serafinaforever.com\/de\/wp-json\/wp\/v2\/pages\/543","targetHints":{"allow":["GET"]}}],"collection":[{"href":"https:\/\/serafinaforever.com\/de\/wp-json\/wp\/v2\/pages"}],"about":[{"href":"https:\/\/serafinaforever.com\/de\/wp-json\/wp\/v2\/types\/page"}],"author":[{"embeddable":true,"href":"https:\/\/serafinaforever.com\/de\/wp-json\/wp\/v2\/users\/1"}],"replies":[{"embeddable":true,"href":"https:\/\/serafinaforever.com\/de\/wp-json\/wp\/v2\/comments?post=543"}],"version-history":[{"count":39,"href":"https:\/\/serafinaforever.com\/de\/wp-json\/wp\/v2\/pages\/543\/revisions"}],"predecessor-version":[{"id":740,"href":"https:\/\/serafinaforever.com\/de\/wp-json\/wp\/v2\/pages\/543\/revisions\/740"}],"wp:attachment":[{"href":"https:\/\/serafinaforever.com\/de\/wp-json\/wp\/v2\/media?parent=543"}],"curies":[{"name":"wp","href":"https:\/\/api.w.org\/{rel}","templated":true}]}}